{"id":1039,"date":"2017-06-26T11:51:08","date_gmt":"2017-06-26T10:51:08","guid":{"rendered":"http:\/\/milimetricserver.com\/moodnatural\/?page_id=1039"},"modified":"2022-02-14T09:13:10","modified_gmt":"2022-02-14T08:13:10","slug":"mascarilla-facial","status":"publish","type":"page","link":"https:\/\/www.moodnatural.com\/es\/mascarilla-facial\/","title":{"rendered":"M\u00e1scaras"},"content":{"rendered":"<p>[vc_section][vc_row dfd_overlay_color=\u00bb#ebe4d2&#8243;][vc_column]<div class=\"dfd-spacer-module\"  data-units=\"px\" data-wide_resolution=\"1280\" data-wide_size=\"200\" data-normal_resolution=\"1024\" data-normal_size=\"200\" data-tablet_resolution=\"800\" data-tablet_size=\"100\" data-mobile_resolution=\"480\" data-mobile_size=\"100\" style=\"height: 200px;\"><\/div><div class=\"dfd-heading-shortcode\"><div class=\"dfd-heading-module-wrap  text-center style_01 dfd-heading-69e448aa80fb2 dfd-enable-resposive-headings\" id=\"dfd-heading-69e448aa80fb2\" ><div class=\"inline-block\"><div class=\"dfd-heading-module\"><h1 class=\"widget-title dfd-title \" style=\"\">M\u00e1scaras<\/h1><\/div><\/div><\/div><script type=\"text\/javascript\">\r\n\t\t\t\t\t\t\t\t\t(function($) {\r\n\t\t\t\t\t\t\t\t\t\t$(\"head\").append(\"<style>.dfd-heading-69e448aa80fb2.dfd-heading-module-wrap .dfd-heading-module .dfd-heading-delimiter {margin-top:10px;margin-bottom:10px;}<\/style>\");\r\n\t\t\t\t\t\t\t\t\t})(jQuery);\r\n\t\t\t\t\t\t\t\t<\/script><\/div><div class=\"dfd-spacer-module\"  data-units=\"px\" data-wide_resolution=\"1280\" data-wide_size=\"100\" data-normal_resolution=\"1024\" data-normal_size=\"100\" data-tablet_resolution=\"800\" data-tablet_size=\"100\" data-mobile_resolution=\"480\" data-mobile_size=\"100\" style=\"height: 100px;\"><\/div>[\/vc_column][\/vc_row][vc_row][vc_column]<div class=\"dfd-spacer-module\"  data-units=\"px\" data-wide_resolution=\"1280\" data-wide_size=\"60\" data-normal_resolution=\"1024\" data-normal_size=\"45\" data-tablet_resolution=\"800\" data-tablet_size=\"30\" data-mobile_resolution=\"480\" data-mobile_size=\"15\" style=\"height: 60px;\"><\/div>[vc_column_text]<\/p>\n<h3 style=\"text-align: center;\"><strong>Estamos trabajando en productos nuevos.<\/strong><\/h3>\n<p>[\/vc_column_text]<div class=\"dfd-spacer-module\"  data-units=\"px\" data-wide_resolution=\"1280\" data-wide_size=\"60\" data-normal_resolution=\"1024\" data-normal_size=\"45\" data-tablet_resolution=\"800\" data-tablet_size=\"30\" data-mobile_resolution=\"480\" data-mobile_size=\"15\" style=\"height: 60px;\"><\/div>[\/vc_column][\/vc_row][\/vc_section][vc_section full_width=\u00bbstretch_row_content\u00bb content_placement=\u00bbmiddle\u00bb][vc_row dfd_overlay_color=\u00bb#ebe4d2&#8243; css=\u00bb.vc_custom_1572277425390{padding-top: 35px !important;}\u00bb][vc_column]<div class=\"dfd-heading-shortcode\"><div class=\"dfd-heading-module-wrap  text-center style_01 dfd-heading-69e448aa81358 dfd-enable-resposive-headings\" id=\"dfd-heading-69e448aa81358\" ><div class=\"inline-block\"><div class=\"dfd-heading-module\"><h2 class=\"widget-sub-title dfd-sub-title \" style=\"font-size: 26px; \">El maravilloso ritual semanal<\/h2><div class=\"dfd-heading-delimiter\"><\/div><\/div><\/div><\/div><script type=\"text\/javascript\">\r\n\t\t\t\t\t\t\t\t\t(function($) {\r\n\t\t\t\t\t\t\t\t\t\t$(\"head\").append(\"<style>.dfd-heading-69e448aa81358.dfd-heading-module-wrap .dfd-heading-module .dfd-heading-delimiter {border-bottom-style:solid;border-bottom-width:1px;width:60px;border-bottom-color:#9f8982;}.dfd-heading-69e448aa81358 .dfd-heading-module .widget-title {margin-top:60px;margin-bottom:0px;}.dfd-heading-69e448aa81358 .dfd-heading-module .widget-sub-title {margin-top:0px;margin-bottom:30px;}.dfd-heading-69e448aa81358.dfd-heading-module-wrap .dfd-heading-module .dfd-heading-delimiter {margin-top:10px;margin-bottom:50px;}<\/style>\");\r\n\t\t\t\t\t\t\t\t\t})(jQuery);\r\n\t\t\t\t\t\t\t\t<\/script><\/div>[vc_column_text el_class=\u00bbtext-2cols\u00bb]Aunque cuidemos diariamente nuestra piel, de vez en cuando \u00e9sta nos agradece un tratamiento intensivo y efectivo.<\/p>\n<p>Las m\u00e1scaras faciales unidosi de Mood Natural destacan por su alta calidad del tejido, as\u00ed como de los ingredientes con los cuales est\u00e1 impregnada.<\/p>\n<p>Cada mascarilla facial te aporta un beneficio espec\u00edfico: hidrataci\u00f3n, iluminaci\u00f3n y difuminaci\u00f3n de las manchas provocadas por el envejecimiento.<\/p>\n<p>Comb\u00ednalas como m\u00e1s te convenga.<\/p>\n<p><strong>\u00a1Prueba las m\u00e1scaras de MOOD!<\/strong>[\/vc_column_text]<div class=\"dfd-spacer-module\"  data-units=\"px\" data-wide_resolution=\"1280\" data-wide_size=\"60\" data-normal_resolution=\"1024\" data-normal_size=\"45\" data-tablet_resolution=\"800\" data-tablet_size=\"30\" data-mobile_resolution=\"480\" data-mobile_size=\"15\" style=\"height: 60px;\"><\/div>[\/vc_column][\/vc_row][\/vc_section][vc_row el_class=\u00bbrow-slogan\u00bb dfd_enable_overlay=\u00bboff\u00bb bg_type=\u00bbimage\u00bb bg_image_new=\u00bb115&#8243; bg_image_posiiton=\u00bb50% 50%\u00bb bg_override=\u00bbfull\u00bb][vc_column width=\u00bb1\/4&#8243;][\/vc_column][vc_column width=\u00bb1\/2&#8243; css=\u00bb.vc_custom_1493224465303{margin-top: 50px !important;margin-bottom: 50px !important;}\u00bb]<div class=\"dfd-heading-shortcode\"><div class=\"dfd-heading-module-wrap  text-center style_01 cr-animate-gen dfd-heading-69e448aa815b2 dfd-enable-resposive-headings\" id=\"dfd-heading-69e448aa815b2\" data-animate-type = \"transition.slideDownIn\" ><div class=\"inline-block\"><div class=\"dfd-heading-module\"><h2 class=\"widget-title dfd-title \" style=\"color: #9f8982 !important; letter-spacing: 2px; \"><a href=\"https:\/\/shop.moodnatural.com\/\" target=\"_blank\" rel=\"noopener noreferrer\">Visita nuestra tienda<\/a><\/h2><\/div><\/div><\/div><script type=\"text\/javascript\">\r\n\t\t\t\t\t\t\t\t\t(function($) {\r\n\t\t\t\t\t\t\t\t\t\t$(\"head\").append(\"<style>.dfd-heading-69e448aa815b2 .dfd-heading-module .widget-title {margin-top:0px;margin-bottom:0px;}.dfd-heading-69e448aa815b2.dfd-heading-module-wrap .dfd-heading-module .dfd-heading-delimiter {margin-top:10px;margin-bottom:10px;}<\/style>\");\r\n\t\t\t\t\t\t\t\t\t})(jQuery);\r\n\t\t\t\t\t\t\t\t<\/script><\/div><div class=\"dfd-heading-shortcode\"><div class=\"dfd-heading-module-wrap margin-top-30 free-ship text-center style_01 cr-animate-gen dfd-heading-69e448aa817df dfd-enable-resposive-headings\" id=\"dfd-heading-69e448aa817df\" data-animate-type = \"transition.slideDownIn\" ><div class=\"inline-block\"><div class=\"dfd-heading-module\"><h4 class=\"widget-title dfd-title \" style=\"color: #9f8982 !important; letter-spacing: 2px; \">Env\u00edos gratuitos<\/h4><h3 class=\"widget-sub-title dfd-sub-title \" style=\"color: #262522 !important; \">por la compra m\u00ednima de 20 \u20ac<\/h3><\/div><\/div><\/div><script type=\"text\/javascript\">\r\n\t\t\t\t\t\t\t\t\t(function($) {\r\n\t\t\t\t\t\t\t\t\t\t$(\"head\").append(\"<style>.dfd-heading-69e448aa817df .dfd-heading-module .widget-title {margin-top:0px;margin-bottom:0px;}.dfd-heading-69e448aa817df .dfd-heading-module .widget-sub-title {margin-top:0px;margin-bottom:0px;}.dfd-heading-69e448aa817df.dfd-heading-module-wrap .dfd-heading-module .dfd-heading-delimiter {margin-top:10px;margin-bottom:10px;}<\/style>\");\r\n\t\t\t\t\t\t\t\t\t})(jQuery);\r\n\t\t\t\t\t\t\t\t<\/script><\/div>[\/vc_column][vc_column width=\u00bb1\/4&#8243;][\/vc_column][\/vc_row]<\/p>\n","protected":false},"excerpt":{"rendered":"<p>[vc_section][vc_row dfd_overlay_color=\u00bb#ebe4d2&#8243;][vc_column][\/vc_column][\/vc_row][vc_row][vc_column][vc_column_text] Estamos trabajando en productos nuevos. [\/vc_column_text][\/vc_column][\/vc_row][\/vc_section][vc_section full_width=\u00bbstretch_row_content\u00bb content_placement=\u00bbmiddle\u00bb][vc_row dfd_overlay_color=\u00bb#ebe4d2&#8243; css=\u00bb.vc_custom_1572277425390{padding-top: 35px !important;}\u00bb][vc_column][vc_column_text el_class=\u00bbtext-2cols\u00bb]Aunque cuidemos diariamente nuestra piel, de vez en cuando \u00e9sta nos agradece un tratamiento intensivo y<\/p>\n","protected":false},"author":1,"featured_media":0,"parent":0,"menu_order":0,"comment_status":"closed","ping_status":"closed","template":"page-custom.php","meta":{"_acf_changed":false,"footnotes":""},"class_list":["post-1039","page","type-page","status-publish","hentry"],"acf":[],"yoast_head":"<!-- This site is optimized with the Yoast SEO plugin v24.7 - https:\/\/yoast.com\/wordpress\/plugins\/seo\/ -->\n<title>Mascarilla Facial - Mood Natural Barcelona<\/title>\n<meta name=\"description\" content=\"La Mascarilla facial de Mood Natural destaca por la calidad de sus ingredientes. Aportan hidrataci\u00f3n, iluminaci\u00f3n y difuminaci\u00f3n de las manchas de envejecimiento.\" \/>\n<meta name=\"robots\" content=\"index, follow, max-snippet:-1, max-image-preview:large, max-video-preview:-1\" \/>\n<link rel=\"canonical\" href=\"https:\/\/www.moodnatural.com\/es\/mascarilla-facial\/\" \/>\n<meta property=\"og:locale\" content=\"es_ES\" \/>\n<meta property=\"og:type\" content=\"article\" \/>\n<meta property=\"og:title\" content=\"Mascarilla Facial - Mood Natural Barcelona\" \/>\n<meta property=\"og:description\" content=\"La Mascarilla facial de Mood Natural destaca por la calidad de sus ingredientes. Aportan hidrataci\u00f3n, iluminaci\u00f3n y difuminaci\u00f3n de las manchas de envejecimiento.\" \/>\n<meta property=\"og:url\" content=\"https:\/\/www.moodnatural.com\/es\/mascarilla-facial\/\" \/>\n<meta property=\"og:site_name\" content=\"Mood Natural Barcelona\" \/>\n<meta property=\"article:modified_time\" content=\"2022-02-14T08:13:10+00:00\" \/>\n<meta name=\"twitter:card\" content=\"summary_large_image\" \/>\n<meta name=\"twitter:label1\" content=\"Tiempo de lectura\" \/>\n\t<meta name=\"twitter:data1\" content=\"3 minutos\" \/>\n<script type=\"application\/ld+json\" class=\"yoast-schema-graph\">{\"@context\":\"https:\/\/schema.org\",\"@graph\":[{\"@type\":\"WebPage\",\"@id\":\"https:\/\/www.moodnatural.com\/es\/mascarilla-facial\/\",\"url\":\"https:\/\/www.moodnatural.com\/es\/mascarilla-facial\/\",\"name\":\"Mascarilla Facial - Mood Natural Barcelona\",\"isPartOf\":{\"@id\":\"https:\/\/www.moodnatural.com\/ca\/#website\"},\"datePublished\":\"2017-06-26T10:51:08+00:00\",\"dateModified\":\"2022-02-14T08:13:10+00:00\",\"description\":\"La Mascarilla facial de Mood Natural destaca por la calidad de sus ingredientes. Aportan hidrataci\u00f3n, iluminaci\u00f3n y difuminaci\u00f3n de las manchas de envejecimiento.\",\"breadcrumb\":{\"@id\":\"https:\/\/www.moodnatural.com\/es\/mascarilla-facial\/#breadcrumb\"},\"inLanguage\":\"es\",\"potentialAction\":[{\"@type\":\"ReadAction\",\"target\":[\"https:\/\/www.moodnatural.com\/es\/mascarilla-facial\/\"]}]},{\"@type\":\"BreadcrumbList\",\"@id\":\"https:\/\/www.moodnatural.com\/es\/mascarilla-facial\/#breadcrumb\",\"itemListElement\":[{\"@type\":\"ListItem\",\"position\":1,\"name\":\"Portada\",\"item\":\"https:\/\/www.moodnatural.com\/es\/\"},{\"@type\":\"ListItem\",\"position\":2,\"name\":\"M\u00e1scaras\"}]},{\"@type\":\"WebSite\",\"@id\":\"https:\/\/www.moodnatural.com\/ca\/#website\",\"url\":\"https:\/\/www.moodnatural.com\/ca\/\",\"name\":\"Mood Natural Barcelona\",\"description\":\"Cosm\u00e9tica natural Barcelona\",\"publisher\":{\"@id\":\"https:\/\/www.moodnatural.com\/ca\/#organization\"},\"potentialAction\":[{\"@type\":\"SearchAction\",\"target\":{\"@type\":\"EntryPoint\",\"urlTemplate\":\"https:\/\/www.moodnatural.com\/ca\/?s={search_term_string}\"},\"query-input\":{\"@type\":\"PropertyValueSpecification\",\"valueRequired\":true,\"valueName\":\"search_term_string\"}}],\"inLanguage\":\"es\"},{\"@type\":\"Organization\",\"@id\":\"https:\/\/www.moodnatural.com\/ca\/#organization\",\"name\":\"Mood Natural Barcelona\",\"url\":\"https:\/\/www.moodnatural.com\/ca\/\",\"logo\":{\"@type\":\"ImageObject\",\"inLanguage\":\"es\",\"@id\":\"https:\/\/www.moodnatural.com\/ca\/#\/schema\/logo\/image\/\",\"url\":\"https:\/\/www.moodnatural.com\/wp-content\/uploads\/2017\/09\/logo-moodbarcelona-55.png\",\"contentUrl\":\"https:\/\/www.moodnatural.com\/wp-content\/uploads\/2017\/09\/logo-moodbarcelona-55.png\",\"width\":330,\"height\":55,\"caption\":\"Mood Natural Barcelona\"},\"image\":{\"@id\":\"https:\/\/www.moodnatural.com\/ca\/#\/schema\/logo\/image\/\"}}]}<\/script>\n<!-- \/ Yoast SEO plugin. -->","yoast_head_json":{"title":"Mascarilla Facial - Mood Natural Barcelona","description":"La Mascarilla facial de Mood Natural destaca por la calidad de sus ingredientes. Aportan hidrataci\u00f3n, iluminaci\u00f3n y difuminaci\u00f3n de las manchas de envejecimiento.","robots":{"index":"index","follow":"follow","max-snippet":"max-snippet:-1","max-image-preview":"max-image-preview:large","max-video-preview":"max-video-preview:-1"},"canonical":"https:\/\/www.moodnatural.com\/es\/mascarilla-facial\/","og_locale":"es_ES","og_type":"article","og_title":"Mascarilla Facial - Mood Natural Barcelona","og_description":"La Mascarilla facial de Mood Natural destaca por la calidad de sus ingredientes. Aportan hidrataci\u00f3n, iluminaci\u00f3n y difuminaci\u00f3n de las manchas de envejecimiento.","og_url":"https:\/\/www.moodnatural.com\/es\/mascarilla-facial\/","og_site_name":"Mood Natural Barcelona","article_modified_time":"2022-02-14T08:13:10+00:00","twitter_card":"summary_large_image","twitter_misc":{"Tiempo de lectura":"3 minutos"},"schema":{"@context":"https:\/\/schema.org","@graph":[{"@type":"WebPage","@id":"https:\/\/www.moodnatural.com\/es\/mascarilla-facial\/","url":"https:\/\/www.moodnatural.com\/es\/mascarilla-facial\/","name":"Mascarilla Facial - Mood Natural Barcelona","isPartOf":{"@id":"https:\/\/www.moodnatural.com\/ca\/#website"},"datePublished":"2017-06-26T10:51:08+00:00","dateModified":"2022-02-14T08:13:10+00:00","description":"La Mascarilla facial de Mood Natural destaca por la calidad de sus ingredientes. Aportan hidrataci\u00f3n, iluminaci\u00f3n y difuminaci\u00f3n de las manchas de envejecimiento.","breadcrumb":{"@id":"https:\/\/www.moodnatural.com\/es\/mascarilla-facial\/#breadcrumb"},"inLanguage":"es","potentialAction":[{"@type":"ReadAction","target":["https:\/\/www.moodnatural.com\/es\/mascarilla-facial\/"]}]},{"@type":"BreadcrumbList","@id":"https:\/\/www.moodnatural.com\/es\/mascarilla-facial\/#breadcrumb","itemListElement":[{"@type":"ListItem","position":1,"name":"Portada","item":"https:\/\/www.moodnatural.com\/es\/"},{"@type":"ListItem","position":2,"name":"M\u00e1scaras"}]},{"@type":"WebSite","@id":"https:\/\/www.moodnatural.com\/ca\/#website","url":"https:\/\/www.moodnatural.com\/ca\/","name":"Mood Natural Barcelona","description":"Cosm\u00e9tica natural Barcelona","publisher":{"@id":"https:\/\/www.moodnatural.com\/ca\/#organization"},"potentialAction":[{"@type":"SearchAction","target":{"@type":"EntryPoint","urlTemplate":"https:\/\/www.moodnatural.com\/ca\/?s={search_term_string}"},"query-input":{"@type":"PropertyValueSpecification","valueRequired":true,"valueName":"search_term_string"}}],"inLanguage":"es"},{"@type":"Organization","@id":"https:\/\/www.moodnatural.com\/ca\/#organization","name":"Mood Natural Barcelona","url":"https:\/\/www.moodnatural.com\/ca\/","logo":{"@type":"ImageObject","inLanguage":"es","@id":"https:\/\/www.moodnatural.com\/ca\/#\/schema\/logo\/image\/","url":"https:\/\/www.moodnatural.com\/wp-content\/uploads\/2017\/09\/logo-moodbarcelona-55.png","contentUrl":"https:\/\/www.moodnatural.com\/wp-content\/uploads\/2017\/09\/logo-moodbarcelona-55.png","width":330,"height":55,"caption":"Mood Natural Barcelona"},"image":{"@id":"https:\/\/www.moodnatural.com\/ca\/#\/schema\/logo\/image\/"}}]}},"_links":{"self":[{"href":"https:\/\/www.moodnatural.com\/es\/wp-json\/wp\/v2\/pages\/1039","targetHints":{"allow":["GET"]}}],"collection":[{"href":"https:\/\/www.moodnatural.com\/es\/wp-json\/wp\/v2\/pages"}],"about":[{"href":"https:\/\/www.moodnatural.com\/es\/wp-json\/wp\/v2\/types\/page"}],"author":[{"embeddable":true,"href":"https:\/\/www.moodnatural.com\/es\/wp-json\/wp\/v2\/users\/1"}],"replies":[{"embeddable":true,"href":"https:\/\/www.moodnatural.com\/es\/wp-json\/wp\/v2\/comments?post=1039"}],"version-history":[{"count":0,"href":"https:\/\/www.moodnatural.com\/es\/wp-json\/wp\/v2\/pages\/1039\/revisions"}],"wp:attachment":[{"href":"https:\/\/www.moodnatural.com\/es\/wp-json\/wp\/v2\/media?parent=1039"}],"curies":[{"name":"wp","href":"https:\/\/api.w.org\/{rel}","templated":true}]}}