{"id":679,"date":"2017-09-18T11:54:40","date_gmt":"2017-09-18T10:54:40","guid":{"rendered":"http:\/\/milimetricserver.com\/moodnatural\/?page_id=679"},"modified":"2020-02-05T09:32:04","modified_gmt":"2020-02-05T08:32:04","slug":"cosmetica-bio-a-mida","status":"publish","type":"page","link":"https:\/\/www.moodnatural.com\/ca\/cosmetica-bio-a-mida\/","title":{"rendered":"Cosm\u00e8tica a mida"},"content":{"rendered":"<p>[vc_section full_width=&#8221;stretch_row_content&#8221; css=&#8221;.vc_custom_1495100990621{padding: 0px !important;background-color: #fcfbf7 !important;}&#8221;][vc_row dfd_row_config=&#8221;default_row_no_paddings&#8221; dfd_bg_style=&#8221;image&#8221; dfd_bg_image_new=&#8221;117&#8243; dfd_bg_image_repeat=&#8221;no-repeat&#8221;][vc_column]<div class=\"dfd-heading-shortcode\"><div class=\"dfd-heading-module-wrap  text-center style_01 dfd-heading-69ef22e85cf41 dfd-enable-resposive-headings\" id=\"dfd-heading-69ef22e85cf41\" ><div class=\"inline-block\"><div class=\"dfd-heading-module\"><h2 class=\"widget-title dfd-title \" style=\"\">Green Lab<\/h2><div class=\"dfd-heading-delimiter\"><\/div><\/div><\/div><\/div><script type=\"text\/javascript\">\r\n\t\t\t\t\t\t\t\t\t(function($) {\r\n\t\t\t\t\t\t\t\t\t\t$(\"head\").append(\"<style>.dfd-heading-69ef22e85cf41.dfd-heading-module-wrap .dfd-heading-module .dfd-heading-delimiter {border-bottom-style:solid;border-bottom-width:1px;width:60px;border-bottom-color:#9f8982;}.dfd-heading-69ef22e85cf41 .dfd-heading-module .widget-title {margin-top:60px;margin-bottom:0px;}.dfd-heading-69ef22e85cf41.dfd-heading-module-wrap .dfd-heading-module .dfd-heading-delimiter {margin-top:10px;margin-bottom:50px;}<\/style>\");\r\n\t\t\t\t\t\t\t\t\t})(jQuery);\r\n\t\t\t\t\t\t\t\t<\/script><\/div>[\/vc_column][\/vc_row][vc_row css=&#8221;.vc_custom_1495103898202{padding-bottom: 60px !important;}&#8221;][vc_column width=&#8221;1\/6&#8243;][\/vc_column][vc_column width=&#8221;2\/3&#8243;][vc_column_text el_class=&#8221;entradeta&#8221; css=&#8221;.vc_custom_1580891439672{padding-bottom: 30px !important;}&#8221;]<strong>La cosm\u00e8tica a mida o &#8220;Green Lab&#8221; \u00e9s un concepte creat per Mood Natural Barcelona i pensat per a les persones que volen con\u00e8ixer b\u00e9 la seva pell, sabent quines necessitats t\u00e9 a cada \u00e8poca, dia o moment vital i desitgen satisfer aquestes necessitats creant el seu cosm\u00e8tic diari.<\/strong>[\/vc_column_text][vc_column_text]Aquest cosm\u00e8tic diari es prepara mitjan\u00e7ant\u00a0 l\u2019\u00fas individual o fent una barreja dels s\u00e8rums Combo+ de Mood Natural Barcelona. Els s\u00e8rums Combo+ s\u00f3n una combinaci\u00f3 d\u2019olis essencials vegetals i vitamines, tots ells potents concentrats amb actius naturals que contenen ingredients preuats amb les seg\u00fcents funcions:<\/p>\n<div><strong>Hidrataci\u00f3:\u00a0<\/strong><\/div>\n<div>Pells seques, pells madures, tractamens espec\u00edfics vinculats&#8230;<\/div>\n<h4><\/h4>\n<div><strong>Antioxidaci\u00f3:<\/strong><br \/>\nIl\u00b7luminaci\u00f3 de la pell, taques, pells amb manca de vitamina C&#8230;<\/div>\n<h4><\/h4>\n<div><strong>Regeneraci\u00f3:<\/strong><\/div>\n<div>Antienvelliment de la pell, arrugues, regeneraci\u00f3 de ferides tancades&#8230;<\/div>\n<h4><\/h4>\n<div><strong>Calmant de la pell:<\/strong><br \/>\nAromater\u00e0pia, malalties de la pell vinculades a l&#8217;estr\u00e9s, seboregulador\u2026<\/div>\n<h4><\/h4>\n<div>Des de Mood Natural Barcelona volem donar-te tota la informaci\u00f3 de cadascun dels nostres productes perqu\u00e8 siguis tu qui cada dia pugui decidir quin \u00e9s el tractament que m\u00e9s necessita la teva pell i utilitzar els s\u00e8rums Combo+ que s\u2019adeq\u00fcin m\u00e9s a tu a cada moment.<\/div>\n<p>[\/vc_column_text][vc_single_image image=&#8221;428&#8243; img_size=&#8221;60&#215;60&#8243; alignment=&#8221;center&#8221; css=&#8221;.vc_custom_1505750729389{padding-top: 30px !important;padding-bottom: 30px !important;}&#8221;][vc_column_text]Aix\u00ed com el nostre estat d\u2019\u00e0nim canvia, la nostra pell tamb\u00e9 ho fa depenent de l\u2019edat, el nivell d\u2019estr\u00e9s, el clima al que l&#8217;exposem i de les caracter\u00edstiques pr\u00f2pies de la pell: pell seca, poc lluminosa, acne\u2026\u00a0Tria el s\u00e8rum Combo+ depenent de la teva necessitat i utilitza\u00b4l:<\/p>\n<div><strong>Al mat\u00ed, <span class=\"two-sizes-title\">per potenciar l\u2019efecte de la teva crema di\u00e0ria.<\/span><\/strong><\/div>\n<p>Utilitzarem els s\u00e8rums Combo+ barrejats amb la crema facial o amb el body milk, si vols enriquir la teva crema corporal.<\/p>\n<p>Despr\u00e9s d\u2019una neteja profunda de la pell amb l\u2019aigua micel\u00b7lar Urban Detox , afegeix unes gotes dels s\u00e8rums Combo+ que hagis seleccionat a la crema de dia Source of Hapiness de Mood Natural Barcelona i homogene\u00eftza-ho (pots barrejar-ho a l&#8217;env\u00e0s o b\u00e9 cada cop que t\u2019apliquis la crema, fent la mescla al palmell de la m\u00e0). Aplica la crema resultant de manera habitual sobre la pell, fent un lleuger massatge.<\/p>\n<div><strong>A la nit, <span class=\"two-sizes-title\">utilitzarem els s\u00e8rums Combo+ sols com a s\u00e8rum de tractament intensiu per nodrir la pell mentre descansa.<\/span><\/strong><\/div>\n<p>Despr\u00e9s de netejar b\u00e9 la pell amb l\u2019aigua micel\u00b7lar Urban Detox, aplicar unes gotes d\u2019 un o m\u00e9s s\u00e8rums Combo+ sobre el palmell\u00a0 de la m\u00e0, barreja\u00b4ls i d\u2019all\u00e0 directament a la cara, per a nodrir la teva pell a la nit.<\/p>\n<p><strong>Un cop a la setmana\/mes <span class=\"two-sizes-title\">utilitza\u2019ls com a mascareta de tractament.<\/span><\/strong><\/p>\n<p>Aplica\u2019t una generosa capa de concentrat sobre la pell neta de cara, coll i escot i deixa que el producte actu\u00ef durant 15 minuts. Despr\u00e9s retira\u2019n suaument l\u2019exc\u00e9s amb l\u2019ajuda d\u2019un cotonet.<\/p>\n<p>&nbsp;<\/p>\n<p>Els productes de la Cosm\u00e8tica a Mida de Mood Natural Barcelona s\u00f3n transparents per al consumidor, per aix\u00f2 volem que coneguis exactament qu\u00e8 tens entre les mans i amb aquesta voluntat, et facilitem tota la informaci\u00f3 t\u00e8cnica necess\u00e0ria.<\/p>\n<p>Aquest productes corresponen a la gamma m\u00e9s alta que Mood Natural Barcelona ofereix als seus clients. A trav\u00e9s de tutorials, disponibles per als usuaris registrats, oferim consells, trucs i suggeriments per aprendre a utilitzar correctament aquests productes i aprofitar-ne tot el poder concentrat.[\/vc_column_text]<div class=\"ult-spacer spacer-69ef22e85d194\" data-id=\"69ef22e85d194\" data-height=\"60\" data-height-mobile=\"10\" data-height-tab=\"30\" style=\"clear:both;display:block;\"><\/div>[vc_column_text el_class=&#8221;entradeta margin-top-30&#8243; css=&#8221;.vc_custom_1508398098632{margin-bottom: 40px !important;}&#8221;]<\/p>\n<h4>\u201cLa cosm\u00e8tica a mida est\u00e0 pensada per aquelles persones que desitgen satisfer les necessitats espec\u00edfiques de la seva pell dia a dia\u201d.<\/h4>\n<p>&nbsp;<\/p>\n<h6>Crea el teu propi Green Lab de bellesa.<\/h6>\n<p>[\/vc_column_text]<div class=\"dfd-spacer-module\"  data-units=\"px\" data-wide_resolution=\"1280\" data-wide_size=\"40\" data-normal_resolution=\"1024\" data-normal_size=\"\" data-tablet_resolution=\"800\" data-tablet_size=\"\" data-mobile_resolution=\"480\" data-mobile_size=\"\" style=\"height: 40px;\"><\/div><div id=\"dfd-button-69ef22e85d2a1\" class=\"dfd-button-module-wrap dfd-button-69ef22e85d2a1\"><div class=\"dfd-button-module  style_1 text-left dfd-horizontal dfd-top-to-bottom dfd-button-icon-left dfd-button-icon-hover-simple\" ><a href=\"https:\/\/shop.moodnatural.com\/ca\/12-tractament-facial\"target=\"_blank\" class=\"dfd-button-link\"><span class=\"dfd-button-inner-cover\"><span class=\"dfd-button-text-main\">Shop now<\/span><\/span><\/a><\/div><script type=\"text\/javascript\">\r\n\t\t\t\t\t\t\t\t\t(function($) {$(\"head\").append(\"<style>#dfd-button-69ef22e85d2a1.dfd-button-module-wrap .dfd-button-module .dfd-button-link .dfd-button-inner-cover .dfd-button-text-main,.dfd-button-69ef22e85d2a1.dfd-button-module-wrap .dfd-button-module .dfd-button-link .dfd-button-inner-cover .dfd-button-text-main {color: #ffffff}#dfd-button-69ef22e85d2a1.dfd-button-module-wrap .dfd-button-module .dfd-button-link .dfd-button-inner-cover,.dfd-button-69ef22e85d2a1.dfd-button-module-wrap .dfd-button-module .dfd-button-link .dfd-button-inner-cover {border-radius:2px;}#dfd-button-69ef22e85d2a1.dfd-button-module-wrap .dfd-button-module:not(.style_4) .dfd-button-link .dfd-button-inner-cover:before,#dfd-button-69ef22e85d2a1.dfd-button-module-wrap .dfd-button-module.style_4 .dfd-button-link .dfd-button-inner-cover:after,#dfd-button-69ef22e85d2a1.dfd-button-module-wrap .dfd-button-module.style_6 .dfd-button-link .dfd-button-inner-cover .dfd-button-text-main,.dfd-button-69ef22e85d2a1.dfd-button-module-wrap .dfd-button-module:not(.style_4) .dfd-button-link .dfd-button-inner-cover:before,.dfd-button-69ef22e85d2a1.dfd-button-module-wrap .dfd-button-module.style_4 .dfd-button-link .dfd-button-inner-cover:after,.dfd-button-69ef22e85d2a1.dfd-button-module-wrap .dfd-button-module.style_6 .dfd-button-link .dfd-button-inner-cover .dfd-button-text-main {border-style:solid;border-width:1px;border-radius:2px;border-color:transparent;}#dfd-button-69ef22e85d2a1.dfd-button-module-wrap .dfd-button-module:not(.style_6) .dfd-button-link:hover .dfd-button-inner-cover .dfd-button-text-main,#dfd-button-69ef22e85d2a1.dfd-button-module-wrap .dfd-button-module .dfd-button-link .dfd-button-inner-cover .dfd-button-text-hover,.dfd-button-69ef22e85d2a1.dfd-button-module-wrap .dfd-button-module:not(.style_6) .dfd-button-link:hover .dfd-button-inner-cover .dfd-button-text-main,.dfd-button-69ef22e85d2a1.dfd-button-module-wrap .dfd-button-module .dfd-button-link .dfd-button-inner-cover .dfd-button-text-hover {color: #ffffff;}#dfd-button-69ef22e85d2a1.dfd-button-module-wrap .dfd-button-module .dfd-button-link:hover .dfd-button-inner-cover,.dfd-button-69ef22e85d2a1.dfd-button-module-wrap .dfd-button-module .dfd-button-link:hover .dfd-button-inner-cover {border-radius:2px;}#dfd-button-69ef22e85d2a1.dfd-button-module-wrap .dfd-button-module:not(.style_4) .dfd-button-link .dfd-button-inner-cover:after,#dfd-button-69ef22e85d2a1.dfd-button-module-wrap .dfd-button-module.style_4 .dfd-button-link .dfd-button-inner-cover:before,#dfd-button-69ef22e85d2a1.dfd-button-module-wrap .dfd-button-module .dfd-button-link .dfd-button-inner-cover .dfd-button-text-hover,.dfd-button-69ef22e85d2a1.dfd-button-module-wrap .dfd-button-module:not(.style_4) .dfd-button-link .dfd-button-inner-cover:after,.dfd-button-69ef22e85d2a1.dfd-button-module-wrap .dfd-button-module.style_4 .dfd-button-link .dfd-button-inner-cover:before,.dfd-button-69ef22e85d2a1.dfd-button-module-wrap .dfd-button-module .dfd-button-link .dfd-button-inner-cover .dfd-button-text-hover {border-style:solid;border-width:1px;border-radius:2px;border-color:transparent;}#dfd-button-69ef22e85d2a1.dfd-button-module-wrap .dfd-button-module.style_3 .dfd-button-link:hover .dfd-button-inner-cover:before,#dfd-button-69ef22e85d2a1.dfd-button-module-wrap .dfd-button-module.style_4 .dfd-button-link:hover .dfd-button-inner-cover:before,.dfd-button-69ef22e85d2a1.dfd-button-module-wrap .dfd-button-module.style_3 .dfd-button-link:hover .dfd-button-inner-cover:before,.dfd-button-69ef22e85d2a1.dfd-button-module-wrap .dfd-button-module.style_4 .dfd-button-link:hover .dfd-button-inner-cover:before {border-style:solid;border-width:1px;border-radius:2px;border-color:transparent;}#dfd-button-69ef22e85d2a1.dfd-button-module-wrap .dfd-button-module .dfd-button-link .dfd-button-inner-cover,.dfd-button-69ef22e85d2a1.dfd-button-module-wrap .dfd-button-module .dfd-button-link .dfd-button-inner-cover {-webkit-box-shadow: none;-moz-box-shadow: none;-o-box-shadow: none;box-shadow: none;}#dfd-button-69ef22e85d2a1.dfd-button-module-wrap .dfd-button-module .dfd-button-link:hover .dfd-button-inner-cover,.dfd-button-69ef22e85d2a1.dfd-button-module-wrap .dfd-button-module .dfd-button-link:hover .dfd-button-inner-cover {-webkit-box-shadow: none;-moz-box-shadow: none;-o-box-shadow: none;box-shadow: none;}<\/style>\")\r\n\t\t\t\t\t\t\t\t\t})(jQuery);\r\n\t\t\t\t\t\t\t\t<\/script><\/div>[\/vc_column][vc_column width=&#8221;1\/6&#8243;][\/vc_column][\/vc_row][\/vc_section]<\/p>\n","protected":false},"excerpt":{"rendered":"<p>[vc_section full_width=&#8221;stretch_row_content&#8221; css=&#8221;.vc_custom_1495100990621{padding: 0px !important;background-color: #fcfbf7 !important;}&#8221;][vc_row dfd_row_config=&#8221;default_row_no_paddings&#8221; dfd_bg_style=&#8221;image&#8221; dfd_bg_image_new=&#8221;117&#8243; dfd_bg_image_repeat=&#8221;no-repeat&#8221;][vc_column][\/vc_column][\/vc_row][vc_row css=&#8221;.vc_custom_1495103898202{padding-bottom: 60px !important;}&#8221;][vc_column width=&#8221;1\/6&#8243;][\/vc_column][vc_column width=&#8221;2\/3&#8243;][vc_column_text el_class=&#8221;entradeta&#8221; css=&#8221;.vc_custom_1580891439672{padding-bottom: 30px !important;}&#8221;]La cosm\u00e8tica a mida o &#8220;Green Lab&#8221; \u00e9s un concepte creat<\/p>\n","protected":false},"author":1,"featured_media":0,"parent":0,"menu_order":0,"comment_status":"closed","ping_status":"closed","template":"page-custom-with-header.php","meta":{"_acf_changed":false,"footnotes":""},"class_list":["post-679","page","type-page","status-publish","hentry"],"acf":[],"yoast_head":"<!-- This site is optimized with the Yoast SEO plugin v24.7 - https:\/\/yoast.com\/wordpress\/plugins\/seo\/ -->\n<title>Cosm\u00e8tica Bio a Mida - Mood Natural<\/title>\n<meta name=\"description\" content=\"La cosm\u00e8tica bio a mida o \u201cGreen Lab\u201d \u00e9s un concepte creat per Mood Natural Barcelona pensat per satisfer les necessitats espec\u00edfiques de la teva pell dia a dia\u201d\" \/>\n<meta name=\"robots\" content=\"index, follow, max-snippet:-1, max-image-preview:large, max-video-preview:-1\" \/>\n<link rel=\"canonical\" href=\"https:\/\/www.moodnatural.com\/ca\/cosmetica-bio-a-mida\/\" \/>\n<meta property=\"og:locale\" content=\"ca_ES\" \/>\n<meta property=\"og:type\" content=\"article\" \/>\n<meta property=\"og:title\" content=\"Cosm\u00e8tica Bio a Mida - Mood Natural\" \/>\n<meta property=\"og:description\" content=\"La cosm\u00e8tica bio a mida o \u201cGreen Lab\u201d \u00e9s un concepte creat per Mood Natural Barcelona pensat per satisfer les necessitats espec\u00edfiques de la teva pell dia a dia\u201d\" \/>\n<meta property=\"og:url\" content=\"https:\/\/www.moodnatural.com\/ca\/cosmetica-bio-a-mida\/\" \/>\n<meta property=\"og:site_name\" content=\"Mood Natural\" \/>\n<meta property=\"article:modified_time\" content=\"2020-02-05T08:32:04+00:00\" \/>\n<meta name=\"twitter:card\" content=\"summary_large_image\" \/>\n<meta name=\"twitter:label1\" content=\"Temps estimat de lectura\" \/>\n\t<meta name=\"twitter:data1\" content=\"4 minuts\" \/>\n<script type=\"application\/ld+json\" class=\"yoast-schema-graph\">{\"@context\":\"https:\/\/schema.org\",\"@graph\":[{\"@type\":\"WebPage\",\"@id\":\"https:\/\/www.moodnatural.com\/ca\/cosmetica-bio-a-mida\/\",\"url\":\"https:\/\/www.moodnatural.com\/ca\/cosmetica-bio-a-mida\/\",\"name\":\"Cosm\u00e8tica Bio a Mida - Mood Natural\",\"isPartOf\":{\"@id\":\"https:\/\/www.moodnatural.com\/ca\/#website\"},\"datePublished\":\"2017-09-18T10:54:40+00:00\",\"dateModified\":\"2020-02-05T08:32:04+00:00\",\"description\":\"La cosm\u00e8tica bio a mida o \u201cGreen Lab\u201d \u00e9s un concepte creat per Mood Natural Barcelona pensat per satisfer les necessitats espec\u00edfiques de la teva pell dia a dia\u201d\",\"breadcrumb\":{\"@id\":\"https:\/\/www.moodnatural.com\/ca\/cosmetica-bio-a-mida\/#breadcrumb\"},\"inLanguage\":\"ca\",\"potentialAction\":[{\"@type\":\"ReadAction\",\"target\":[\"https:\/\/www.moodnatural.com\/ca\/cosmetica-bio-a-mida\/\"]}]},{\"@type\":\"BreadcrumbList\",\"@id\":\"https:\/\/www.moodnatural.com\/ca\/cosmetica-bio-a-mida\/#breadcrumb\",\"itemListElement\":[{\"@type\":\"ListItem\",\"position\":1,\"name\":\"Portada\",\"item\":\"https:\/\/www.moodnatural.com\/ca\/\"},{\"@type\":\"ListItem\",\"position\":2,\"name\":\"Cosm\u00e8tica a mida\"}]},{\"@type\":\"WebSite\",\"@id\":\"https:\/\/www.moodnatural.com\/ca\/#website\",\"url\":\"https:\/\/www.moodnatural.com\/ca\/\",\"name\":\"Mood Natural\",\"description\":\"Cosm\u00e9tica natural Barcelona\",\"publisher\":{\"@id\":\"https:\/\/www.moodnatural.com\/ca\/#organization\"},\"potentialAction\":[{\"@type\":\"SearchAction\",\"target\":{\"@type\":\"EntryPoint\",\"urlTemplate\":\"https:\/\/www.moodnatural.com\/ca\/?s={search_term_string}\"},\"query-input\":{\"@type\":\"PropertyValueSpecification\",\"valueRequired\":true,\"valueName\":\"search_term_string\"}}],\"inLanguage\":\"ca\"},{\"@type\":\"Organization\",\"@id\":\"https:\/\/www.moodnatural.com\/ca\/#organization\",\"name\":\"Mood Natural Barcelona\",\"url\":\"https:\/\/www.moodnatural.com\/ca\/\",\"logo\":{\"@type\":\"ImageObject\",\"inLanguage\":\"ca\",\"@id\":\"https:\/\/www.moodnatural.com\/ca\/#\/schema\/logo\/image\/\",\"url\":\"https:\/\/www.moodnatural.com\/wp-content\/uploads\/2017\/09\/logo-moodbarcelona-55.png\",\"contentUrl\":\"https:\/\/www.moodnatural.com\/wp-content\/uploads\/2017\/09\/logo-moodbarcelona-55.png\",\"width\":330,\"height\":55,\"caption\":\"Mood Natural Barcelona\"},\"image\":{\"@id\":\"https:\/\/www.moodnatural.com\/ca\/#\/schema\/logo\/image\/\"}}]}<\/script>\n<!-- \/ Yoast SEO plugin. -->","yoast_head_json":{"title":"Cosm\u00e8tica Bio a Mida - Mood Natural","description":"La cosm\u00e8tica bio a mida o \u201cGreen Lab\u201d \u00e9s un concepte creat per Mood Natural Barcelona pensat per satisfer les necessitats espec\u00edfiques de la teva pell dia a dia\u201d","robots":{"index":"index","follow":"follow","max-snippet":"max-snippet:-1","max-image-preview":"max-image-preview:large","max-video-preview":"max-video-preview:-1"},"canonical":"https:\/\/www.moodnatural.com\/ca\/cosmetica-bio-a-mida\/","og_locale":"ca_ES","og_type":"article","og_title":"Cosm\u00e8tica Bio a Mida - Mood Natural","og_description":"La cosm\u00e8tica bio a mida o \u201cGreen Lab\u201d \u00e9s un concepte creat per Mood Natural Barcelona pensat per satisfer les necessitats espec\u00edfiques de la teva pell dia a dia\u201d","og_url":"https:\/\/www.moodnatural.com\/ca\/cosmetica-bio-a-mida\/","og_site_name":"Mood Natural","article_modified_time":"2020-02-05T08:32:04+00:00","twitter_card":"summary_large_image","twitter_misc":{"Temps estimat de lectura":"4 minuts"},"schema":{"@context":"https:\/\/schema.org","@graph":[{"@type":"WebPage","@id":"https:\/\/www.moodnatural.com\/ca\/cosmetica-bio-a-mida\/","url":"https:\/\/www.moodnatural.com\/ca\/cosmetica-bio-a-mida\/","name":"Cosm\u00e8tica Bio a Mida - Mood Natural","isPartOf":{"@id":"https:\/\/www.moodnatural.com\/ca\/#website"},"datePublished":"2017-09-18T10:54:40+00:00","dateModified":"2020-02-05T08:32:04+00:00","description":"La cosm\u00e8tica bio a mida o \u201cGreen Lab\u201d \u00e9s un concepte creat per Mood Natural Barcelona pensat per satisfer les necessitats espec\u00edfiques de la teva pell dia a dia\u201d","breadcrumb":{"@id":"https:\/\/www.moodnatural.com\/ca\/cosmetica-bio-a-mida\/#breadcrumb"},"inLanguage":"ca","potentialAction":[{"@type":"ReadAction","target":["https:\/\/www.moodnatural.com\/ca\/cosmetica-bio-a-mida\/"]}]},{"@type":"BreadcrumbList","@id":"https:\/\/www.moodnatural.com\/ca\/cosmetica-bio-a-mida\/#breadcrumb","itemListElement":[{"@type":"ListItem","position":1,"name":"Portada","item":"https:\/\/www.moodnatural.com\/ca\/"},{"@type":"ListItem","position":2,"name":"Cosm\u00e8tica a mida"}]},{"@type":"WebSite","@id":"https:\/\/www.moodnatural.com\/ca\/#website","url":"https:\/\/www.moodnatural.com\/ca\/","name":"Mood Natural","description":"Cosm\u00e9tica natural Barcelona","publisher":{"@id":"https:\/\/www.moodnatural.com\/ca\/#organization"},"potentialAction":[{"@type":"SearchAction","target":{"@type":"EntryPoint","urlTemplate":"https:\/\/www.moodnatural.com\/ca\/?s={search_term_string}"},"query-input":{"@type":"PropertyValueSpecification","valueRequired":true,"valueName":"search_term_string"}}],"inLanguage":"ca"},{"@type":"Organization","@id":"https:\/\/www.moodnatural.com\/ca\/#organization","name":"Mood Natural Barcelona","url":"https:\/\/www.moodnatural.com\/ca\/","logo":{"@type":"ImageObject","inLanguage":"ca","@id":"https:\/\/www.moodnatural.com\/ca\/#\/schema\/logo\/image\/","url":"https:\/\/www.moodnatural.com\/wp-content\/uploads\/2017\/09\/logo-moodbarcelona-55.png","contentUrl":"https:\/\/www.moodnatural.com\/wp-content\/uploads\/2017\/09\/logo-moodbarcelona-55.png","width":330,"height":55,"caption":"Mood Natural Barcelona"},"image":{"@id":"https:\/\/www.moodnatural.com\/ca\/#\/schema\/logo\/image\/"}}]}},"_links":{"self":[{"href":"https:\/\/www.moodnatural.com\/ca\/wp-json\/wp\/v2\/pages\/679","targetHints":{"allow":["GET"]}}],"collection":[{"href":"https:\/\/www.moodnatural.com\/ca\/wp-json\/wp\/v2\/pages"}],"about":[{"href":"https:\/\/www.moodnatural.com\/ca\/wp-json\/wp\/v2\/types\/page"}],"author":[{"embeddable":true,"href":"https:\/\/www.moodnatural.com\/ca\/wp-json\/wp\/v2\/users\/1"}],"replies":[{"embeddable":true,"href":"https:\/\/www.moodnatural.com\/ca\/wp-json\/wp\/v2\/comments?post=679"}],"version-history":[{"count":0,"href":"https:\/\/www.moodnatural.com\/ca\/wp-json\/wp\/v2\/pages\/679\/revisions"}],"wp:attachment":[{"href":"https:\/\/www.moodnatural.com\/ca\/wp-json\/wp\/v2\/media?parent=679"}],"curies":[{"name":"wp","href":"https:\/\/api.w.org\/{rel}","templated":true}]}}