{"id":203,"date":"2017-05-18T12:10:22","date_gmt":"2017-05-18T11:10:22","guid":{"rendered":"http:\/\/milimetricserver.com\/moodnatural\/?page_id=203"},"modified":"2020-02-04T16:13:29","modified_gmt":"2020-02-04T15:13:29","slug":"filosofia-pell-sana-natural","status":"publish","type":"page","link":"https:\/\/www.moodnatural.com\/ca\/cosmetica-sostenible\/filosofia-pell-sana-natural\/","title":{"rendered":"La nostra filosofia"},"content":{"rendered":"<p>[vc_section full_width=&#8221;stretch_row_content&#8221; css=&#8221;.vc_custom_1495100990621{padding: 0px !important;background-color: #fcfbf7 !important;}&#8221;][vc_row dfd_row_config=&#8221;default_row_no_paddings&#8221; dfd_bg_style=&#8221;image&#8221; dfd_bg_image_new=&#8221;117&#8243; dfd_bg_image_repeat=&#8221;no-repeat&#8221;][vc_column]<div class=\"dfd-heading-shortcode\"><div class=\"dfd-heading-module-wrap  text-center style_01 dfd-heading-69ef2010ee127 dfd-enable-resposive-headings\" id=\"dfd-heading-69ef2010ee127\" ><div class=\"inline-block\"><div class=\"dfd-heading-module\"><h2 class=\"widget-title dfd-title \" style=\"font-size: 60px; line-height: 54px; \">Feel Mood, Feel Good!<\/h2><div class=\"dfd-heading-delimiter\"><\/div><\/div><\/div><\/div><script type=\"text\/javascript\">\r\n\t\t\t\t\t\t\t\t\t(function($) {\r\n\t\t\t\t\t\t\t\t\t\t$(\"head\").append(\"<style>.dfd-heading-69ef2010ee127.dfd-heading-module-wrap .dfd-heading-module .dfd-heading-delimiter {border-bottom-style:solid;border-bottom-width:1px;width:60px;border-bottom-color:#9f8982;}.dfd-heading-69ef2010ee127 .dfd-heading-module .widget-title {margin-top:60px;margin-bottom:30px;}.dfd-heading-69ef2010ee127.dfd-heading-module-wrap .dfd-heading-module .dfd-heading-delimiter {margin-top:10px;margin-bottom:50px;}<\/style>\");\r\n\t\t\t\t\t\t\t\t\t})(jQuery);\r\n\t\t\t\t\t\t\t\t<\/script><\/div>[\/vc_column][\/vc_row][vc_row css=&#8221;.vc_custom_1495103898202{padding-bottom: 60px !important;}&#8221;][vc_column width=&#8221;1\/6&#8243;][\/vc_column][vc_column width=&#8221;2\/3&#8243;][vc_column_text el_class=&#8221;entradeta&#8221; css=&#8221;.vc_custom_1580828534247{padding-bottom: 30px !important;}&#8221;]<strong style=\"font-size: 24px;\">A Mood Natural Barcelona oferim productes de qualitat, honestos i que aporten benestar i salut a la pell.<\/strong>[\/vc_column_text][vc_column_text css=&#8221;.vc_custom_1580828703064{margin-bottom: 60px !important;}&#8221; el_class=&#8221;entradeta&#8221;]<strong style=\"font-size: 24px;\">A m\u00e9s, a Mood Natural Barcelona entenem el bon humor com una filosofia de vida que cal promoure i cultivar di\u00e0riament per tal d\u2019arribar a incorporar-lo com una estructura b\u00e0sica.<\/strong>[\/vc_column_text][vc_column_text css=&#8221;.vc_custom_1580829193471{margin-top: 30px !important;margin-bottom: 60px !important;}&#8221;]<\/p>\n<h3 style=\"text-align: center; font-size: 18px;\">Per una pell sana i visiblement m\u00e9s feli\u00e7,<br \/>\npractica el <strong>good mood<\/strong>!<\/h3>\n<p>[\/vc_column_text][\/vc_column][vc_column width=&#8221;1\/6&#8243;][\/vc_column][\/vc_row][\/vc_section]<\/p>\n","protected":false},"excerpt":{"rendered":"<p>[vc_section full_width=&#8221;stretch_row_content&#8221; css=&#8221;.vc_custom_1495100990621{padding: 0px !important;background-color: #fcfbf7 !important;}&#8221;][vc_row dfd_row_config=&#8221;default_row_no_paddings&#8221; dfd_bg_style=&#8221;image&#8221; dfd_bg_image_new=&#8221;117&#8243; dfd_bg_image_repeat=&#8221;no-repeat&#8221;][vc_column][\/vc_column][\/vc_row][vc_row css=&#8221;.vc_custom_1495103898202{padding-bottom: 60px !important;}&#8221;][vc_column width=&#8221;1\/6&#8243;][\/vc_column][vc_column width=&#8221;2\/3&#8243;][vc_column_text el_class=&#8221;entradeta&#8221; css=&#8221;.vc_custom_1580828534247{padding-bottom: 30px !important;}&#8221;]A Mood Natural Barcelona oferim productes de qualitat, honestos i que<\/p>\n","protected":false},"author":1,"featured_media":0,"parent":158,"menu_order":0,"comment_status":"closed","ping_status":"closed","template":"page-custom-with-header.php","meta":{"_acf_changed":false,"footnotes":""},"class_list":["post-203","page","type-page","status-publish","hentry"],"acf":[],"yoast_head":"<!-- This site is optimized with the Yoast SEO plugin v24.7 - https:\/\/yoast.com\/wordpress\/plugins\/seo\/ -->\n<title>Feel Mood, Feel Good: Cosm\u00e8tica Natural i Pell Sana - Mood Natural<\/title>\n<meta name=\"description\" content=\"Feel Mood, Feel Good. Entenem que una pell sana \u00e9s una pell Feli\u00e7. Oferim productes de cosm\u00e8tica natural de qualitat per fer que et sentis cada dia millor\" \/>\n<meta name=\"robots\" content=\"index, follow, max-snippet:-1, max-image-preview:large, max-video-preview:-1\" \/>\n<link rel=\"canonical\" href=\"https:\/\/www.moodnatural.com\/ca\/cosmetica-sostenible\/filosofia-pell-sana-natural\/\" \/>\n<meta property=\"og:locale\" content=\"ca_ES\" \/>\n<meta property=\"og:type\" content=\"article\" \/>\n<meta property=\"og:title\" content=\"Feel Mood, Feel Good: Cosm\u00e8tica Natural i Pell Sana - Mood Natural\" \/>\n<meta property=\"og:description\" content=\"Feel Mood, Feel Good. Entenem que una pell sana \u00e9s una pell Feli\u00e7. Oferim productes de cosm\u00e8tica natural de qualitat per fer que et sentis cada dia millor\" \/>\n<meta property=\"og:url\" content=\"https:\/\/www.moodnatural.com\/ca\/cosmetica-sostenible\/filosofia-pell-sana-natural\/\" \/>\n<meta property=\"og:site_name\" content=\"Mood Natural\" \/>\n<meta property=\"article:modified_time\" content=\"2020-02-04T15:13:29+00:00\" \/>\n<meta name=\"twitter:card\" content=\"summary_large_image\" \/>\n<meta name=\"twitter:label1\" content=\"Temps estimat de lectura\" \/>\n\t<meta name=\"twitter:data1\" content=\"1 minut\" \/>\n<script type=\"application\/ld+json\" class=\"yoast-schema-graph\">{\"@context\":\"https:\/\/schema.org\",\"@graph\":[{\"@type\":\"WebPage\",\"@id\":\"https:\/\/www.moodnatural.com\/ca\/cosmetica-sostenible\/filosofia-pell-sana-natural\/\",\"url\":\"https:\/\/www.moodnatural.com\/ca\/cosmetica-sostenible\/filosofia-pell-sana-natural\/\",\"name\":\"Feel Mood, Feel Good: Cosm\u00e8tica Natural i Pell Sana - Mood Natural\",\"isPartOf\":{\"@id\":\"https:\/\/www.moodnatural.com\/ca\/#website\"},\"datePublished\":\"2017-05-18T11:10:22+00:00\",\"dateModified\":\"2020-02-04T15:13:29+00:00\",\"description\":\"Feel Mood, Feel Good. Entenem que una pell sana \u00e9s una pell Feli\u00e7. Oferim productes de cosm\u00e8tica natural de qualitat per fer que et sentis cada dia millor\",\"breadcrumb\":{\"@id\":\"https:\/\/www.moodnatural.com\/ca\/cosmetica-sostenible\/filosofia-pell-sana-natural\/#breadcrumb\"},\"inLanguage\":\"ca\",\"potentialAction\":[{\"@type\":\"ReadAction\",\"target\":[\"https:\/\/www.moodnatural.com\/ca\/cosmetica-sostenible\/filosofia-pell-sana-natural\/\"]}]},{\"@type\":\"BreadcrumbList\",\"@id\":\"https:\/\/www.moodnatural.com\/ca\/cosmetica-sostenible\/filosofia-pell-sana-natural\/#breadcrumb\",\"itemListElement\":[{\"@type\":\"ListItem\",\"position\":1,\"name\":\"Portada\",\"item\":\"https:\/\/www.moodnatural.com\/ca\/\"},{\"@type\":\"ListItem\",\"position\":2,\"name\":\"Els nostres pilars\",\"item\":\"https:\/\/www.moodnatural.com\/ca\/cosmetica-sostenible\/\"},{\"@type\":\"ListItem\",\"position\":3,\"name\":\"La nostra filosofia\"}]},{\"@type\":\"WebSite\",\"@id\":\"https:\/\/www.moodnatural.com\/ca\/#website\",\"url\":\"https:\/\/www.moodnatural.com\/ca\/\",\"name\":\"Mood Natural\",\"description\":\"Cosm\u00e9tica natural Barcelona\",\"publisher\":{\"@id\":\"https:\/\/www.moodnatural.com\/ca\/#organization\"},\"potentialAction\":[{\"@type\":\"SearchAction\",\"target\":{\"@type\":\"EntryPoint\",\"urlTemplate\":\"https:\/\/www.moodnatural.com\/ca\/?s={search_term_string}\"},\"query-input\":{\"@type\":\"PropertyValueSpecification\",\"valueRequired\":true,\"valueName\":\"search_term_string\"}}],\"inLanguage\":\"ca\"},{\"@type\":\"Organization\",\"@id\":\"https:\/\/www.moodnatural.com\/ca\/#organization\",\"name\":\"Mood Natural Barcelona\",\"url\":\"https:\/\/www.moodnatural.com\/ca\/\",\"logo\":{\"@type\":\"ImageObject\",\"inLanguage\":\"ca\",\"@id\":\"https:\/\/www.moodnatural.com\/ca\/#\/schema\/logo\/image\/\",\"url\":\"https:\/\/www.moodnatural.com\/wp-content\/uploads\/2017\/09\/logo-moodbarcelona-55.png\",\"contentUrl\":\"https:\/\/www.moodnatural.com\/wp-content\/uploads\/2017\/09\/logo-moodbarcelona-55.png\",\"width\":330,\"height\":55,\"caption\":\"Mood Natural Barcelona\"},\"image\":{\"@id\":\"https:\/\/www.moodnatural.com\/ca\/#\/schema\/logo\/image\/\"}}]}<\/script>\n<!-- \/ Yoast SEO plugin. -->","yoast_head_json":{"title":"Feel Mood, Feel Good: Cosm\u00e8tica Natural i Pell Sana - Mood Natural","description":"Feel Mood, Feel Good. Entenem que una pell sana \u00e9s una pell Feli\u00e7. Oferim productes de cosm\u00e8tica natural de qualitat per fer que et sentis cada dia millor","robots":{"index":"index","follow":"follow","max-snippet":"max-snippet:-1","max-image-preview":"max-image-preview:large","max-video-preview":"max-video-preview:-1"},"canonical":"https:\/\/www.moodnatural.com\/ca\/cosmetica-sostenible\/filosofia-pell-sana-natural\/","og_locale":"ca_ES","og_type":"article","og_title":"Feel Mood, Feel Good: Cosm\u00e8tica Natural i Pell Sana - Mood Natural","og_description":"Feel Mood, Feel Good. Entenem que una pell sana \u00e9s una pell Feli\u00e7. Oferim productes de cosm\u00e8tica natural de qualitat per fer que et sentis cada dia millor","og_url":"https:\/\/www.moodnatural.com\/ca\/cosmetica-sostenible\/filosofia-pell-sana-natural\/","og_site_name":"Mood Natural","article_modified_time":"2020-02-04T15:13:29+00:00","twitter_card":"summary_large_image","twitter_misc":{"Temps estimat de lectura":"1 minut"},"schema":{"@context":"https:\/\/schema.org","@graph":[{"@type":"WebPage","@id":"https:\/\/www.moodnatural.com\/ca\/cosmetica-sostenible\/filosofia-pell-sana-natural\/","url":"https:\/\/www.moodnatural.com\/ca\/cosmetica-sostenible\/filosofia-pell-sana-natural\/","name":"Feel Mood, Feel Good: Cosm\u00e8tica Natural i Pell Sana - Mood Natural","isPartOf":{"@id":"https:\/\/www.moodnatural.com\/ca\/#website"},"datePublished":"2017-05-18T11:10:22+00:00","dateModified":"2020-02-04T15:13:29+00:00","description":"Feel Mood, Feel Good. Entenem que una pell sana \u00e9s una pell Feli\u00e7. Oferim productes de cosm\u00e8tica natural de qualitat per fer que et sentis cada dia millor","breadcrumb":{"@id":"https:\/\/www.moodnatural.com\/ca\/cosmetica-sostenible\/filosofia-pell-sana-natural\/#breadcrumb"},"inLanguage":"ca","potentialAction":[{"@type":"ReadAction","target":["https:\/\/www.moodnatural.com\/ca\/cosmetica-sostenible\/filosofia-pell-sana-natural\/"]}]},{"@type":"BreadcrumbList","@id":"https:\/\/www.moodnatural.com\/ca\/cosmetica-sostenible\/filosofia-pell-sana-natural\/#breadcrumb","itemListElement":[{"@type":"ListItem","position":1,"name":"Portada","item":"https:\/\/www.moodnatural.com\/ca\/"},{"@type":"ListItem","position":2,"name":"Els nostres pilars","item":"https:\/\/www.moodnatural.com\/ca\/cosmetica-sostenible\/"},{"@type":"ListItem","position":3,"name":"La nostra filosofia"}]},{"@type":"WebSite","@id":"https:\/\/www.moodnatural.com\/ca\/#website","url":"https:\/\/www.moodnatural.com\/ca\/","name":"Mood Natural","description":"Cosm\u00e9tica natural Barcelona","publisher":{"@id":"https:\/\/www.moodnatural.com\/ca\/#organization"},"potentialAction":[{"@type":"SearchAction","target":{"@type":"EntryPoint","urlTemplate":"https:\/\/www.moodnatural.com\/ca\/?s={search_term_string}"},"query-input":{"@type":"PropertyValueSpecification","valueRequired":true,"valueName":"search_term_string"}}],"inLanguage":"ca"},{"@type":"Organization","@id":"https:\/\/www.moodnatural.com\/ca\/#organization","name":"Mood Natural Barcelona","url":"https:\/\/www.moodnatural.com\/ca\/","logo":{"@type":"ImageObject","inLanguage":"ca","@id":"https:\/\/www.moodnatural.com\/ca\/#\/schema\/logo\/image\/","url":"https:\/\/www.moodnatural.com\/wp-content\/uploads\/2017\/09\/logo-moodbarcelona-55.png","contentUrl":"https:\/\/www.moodnatural.com\/wp-content\/uploads\/2017\/09\/logo-moodbarcelona-55.png","width":330,"height":55,"caption":"Mood Natural Barcelona"},"image":{"@id":"https:\/\/www.moodnatural.com\/ca\/#\/schema\/logo\/image\/"}}]}},"_links":{"self":[{"href":"https:\/\/www.moodnatural.com\/ca\/wp-json\/wp\/v2\/pages\/203","targetHints":{"allow":["GET"]}}],"collection":[{"href":"https:\/\/www.moodnatural.com\/ca\/wp-json\/wp\/v2\/pages"}],"about":[{"href":"https:\/\/www.moodnatural.com\/ca\/wp-json\/wp\/v2\/types\/page"}],"author":[{"embeddable":true,"href":"https:\/\/www.moodnatural.com\/ca\/wp-json\/wp\/v2\/users\/1"}],"replies":[{"embeddable":true,"href":"https:\/\/www.moodnatural.com\/ca\/wp-json\/wp\/v2\/comments?post=203"}],"version-history":[{"count":0,"href":"https:\/\/www.moodnatural.com\/ca\/wp-json\/wp\/v2\/pages\/203\/revisions"}],"up":[{"embeddable":true,"href":"https:\/\/www.moodnatural.com\/ca\/wp-json\/wp\/v2\/pages\/158"}],"wp:attachment":[{"href":"https:\/\/www.moodnatural.com\/ca\/wp-json\/wp\/v2\/media?parent=203"}],"curies":[{"name":"wp","href":"https:\/\/api.w.org\/{rel}","templated":true}]}}