{"id":183,"date":"2017-05-18T10:40:39","date_gmt":"2017-05-18T09:40:39","guid":{"rendered":"http:\/\/milimetricserver.com\/moodnatural\/?page_id=183"},"modified":"2020-02-04T16:19:18","modified_gmt":"2020-02-04T15:19:18","slug":"compromis-productes-naturals","status":"publish","type":"page","link":"https:\/\/www.moodnatural.com\/ca\/cosmetica-sostenible\/compromis-productes-naturals\/","title":{"rendered":"El nostre comprom\u00eds"},"content":{"rendered":"<p>[vc_section full_width=&#8221;stretch_row_content&#8221; css=&#8221;.vc_custom_1495100990621{padding: 0px !important;background-color: #fcfbf7 !important;}&#8221;][vc_row dfd_row_config=&#8221;default_row_no_paddings&#8221; dfd_bg_style=&#8221;image&#8221; dfd_bg_image_new=&#8221;117&#8243; dfd_bg_image_repeat=&#8221;no-repeat&#8221;][vc_column]<div class=\"dfd-heading-shortcode\"><div class=\"dfd-heading-module-wrap  text-center style_01 dfd-heading-69ef1d97513e0 dfd-enable-resposive-headings\" id=\"dfd-heading-69ef1d97513e0\" ><div class=\"inline-block\"><div class=\"dfd-heading-module\"><h2 class=\"widget-title dfd-title \" style=\"\">Els ingredients<\/h2><div class=\"dfd-heading-delimiter\"><\/div><\/div><\/div><\/div><script type=\"text\/javascript\">\r\n\t\t\t\t\t\t\t\t\t(function($) {\r\n\t\t\t\t\t\t\t\t\t\t$(\"head\").append(\"<style>.dfd-heading-69ef1d97513e0.dfd-heading-module-wrap .dfd-heading-module .dfd-heading-delimiter {border-bottom-style:solid;border-bottom-width:1px;width:60px;border-bottom-color:#9f8982;}.dfd-heading-69ef1d97513e0 .dfd-heading-module .widget-title {margin-top:60px;margin-bottom:0px;}.dfd-heading-69ef1d97513e0.dfd-heading-module-wrap .dfd-heading-module .dfd-heading-delimiter {margin-top:10px;margin-bottom:50px;}<\/style>\");\r\n\t\t\t\t\t\t\t\t\t})(jQuery);\r\n\t\t\t\t\t\t\t\t<\/script><\/div>[\/vc_column][\/vc_row][vc_row css=&#8221;.vc_custom_1507203924009{padding-bottom: 60px !important;}&#8221;][vc_column width=&#8221;1\/6&#8243;][\/vc_column][vc_column width=&#8221;2\/3&#8243;][vc_column_text el_class=&#8221;entradeta&#8221; css=&#8221;.vc_custom_1580829525870{padding-bottom: 30px !important;}&#8221;]<strong>A Mood Natural Barcelona tenim el comprom\u00eds intern d\u2019anar reduint el percentatge dels ingredients tecnol\u00f2gics de les f\u00f3rmules a mesura que vagin apareixent ingredients naturals que ens donin les mateixes garanties de qualitat i seguretat del producte.<\/strong>[\/vc_column_text][vc_column_text]Els nostres productes estan constitu\u00efts fonamentalment per dos tipus d\u2019ingredients: els <strong>excipients<\/strong> i els <strong>ingredients actius. <\/strong>Els excipients formen la base del cosm\u00e8tic, donen textura i eviten contaminacions. Els ingredients actius s\u00f3n els que actuen sobre la teva pell i li confereixen una activitat determinada: antioxidant, hidratant, calmant&#8230;s\u00f3n els que proporcionen el benefici cosm\u00e8tic al producte.<\/p>\n<p>Per les seves caracter\u00edstiques, alguns dels nostres productes tenen un alt contingut en aigua que els fan m\u00e9s propensos a contaminacions microbiol\u00f2giques durant el seu \u00fas, i que tamb\u00e9 fa que sigui necessari incorporar una major quantitat d\u2019ingredients estabilitzants a la f\u00f3rmula perqu\u00e8 aquesta mantingui les seves propietats durant tot el per\u00edode de vida \u00fatil, i aix\u00ed poder gaudir de tots els seus beneficis.[\/vc_column_text][\/vc_column][vc_column width=&#8221;1\/6&#8243;][\/vc_column][\/vc_row][\/vc_section]<\/p>\n","protected":false},"excerpt":{"rendered":"<p>[vc_section full_width=&#8221;stretch_row_content&#8221; css=&#8221;.vc_custom_1495100990621{padding: 0px !important;background-color: #fcfbf7 !important;}&#8221;][vc_row dfd_row_config=&#8221;default_row_no_paddings&#8221; dfd_bg_style=&#8221;image&#8221; dfd_bg_image_new=&#8221;117&#8243; dfd_bg_image_repeat=&#8221;no-repeat&#8221;][vc_column][\/vc_column][\/vc_row][vc_row css=&#8221;.vc_custom_1507203924009{padding-bottom: 60px !important;}&#8221;][vc_column width=&#8221;1\/6&#8243;][\/vc_column][vc_column width=&#8221;2\/3&#8243;][vc_column_text el_class=&#8221;entradeta&#8221; css=&#8221;.vc_custom_1580829525870{padding-bottom: 30px !important;}&#8221;]A Mood Natural Barcelona tenim el comprom\u00eds intern d\u2019anar reduint el<\/p>\n","protected":false},"author":1,"featured_media":0,"parent":158,"menu_order":0,"comment_status":"closed","ping_status":"closed","template":"page-custom-with-header.php","meta":{"_acf_changed":false,"footnotes":""},"class_list":["post-183","page","type-page","status-publish","hentry"],"acf":[],"yoast_head":"<!-- This site is optimized with the Yoast SEO plugin v24.7 - https:\/\/yoast.com\/wordpress\/plugins\/seo\/ -->\n<title>Productes de Cosm\u00e8tica Natural \u2013El nostre comprom\u00eds - Mood Natural<\/title>\n<meta name=\"description\" content=\"Treballem amb productes cosm\u00e8tics Naturals i el nostre comprom\u00eds es fer-ho mantenint al m\u00e0xim la garantia de de qualitat i seguretat del producte\" \/>\n<meta name=\"robots\" content=\"index, follow, max-snippet:-1, max-image-preview:large, max-video-preview:-1\" \/>\n<link rel=\"canonical\" href=\"https:\/\/www.moodnatural.com\/ca\/cosmetica-sostenible\/compromis-productes-naturals\/\" \/>\n<meta property=\"og:locale\" content=\"ca_ES\" \/>\n<meta property=\"og:type\" content=\"article\" \/>\n<meta property=\"og:title\" content=\"Productes de Cosm\u00e8tica Natural \u2013El nostre comprom\u00eds - Mood Natural\" \/>\n<meta property=\"og:description\" content=\"Treballem amb productes cosm\u00e8tics Naturals i el nostre comprom\u00eds es fer-ho mantenint al m\u00e0xim la garantia de de qualitat i seguretat del producte\" \/>\n<meta property=\"og:url\" content=\"https:\/\/www.moodnatural.com\/ca\/cosmetica-sostenible\/compromis-productes-naturals\/\" \/>\n<meta property=\"og:site_name\" content=\"Mood Natural\" \/>\n<meta property=\"article:modified_time\" content=\"2020-02-04T15:19:18+00:00\" \/>\n<meta name=\"twitter:card\" content=\"summary_large_image\" \/>\n<meta name=\"twitter:label1\" content=\"Temps estimat de lectura\" \/>\n\t<meta name=\"twitter:data1\" content=\"2 minuts\" \/>\n<script type=\"application\/ld+json\" class=\"yoast-schema-graph\">{\"@context\":\"https:\/\/schema.org\",\"@graph\":[{\"@type\":\"WebPage\",\"@id\":\"https:\/\/www.moodnatural.com\/ca\/cosmetica-sostenible\/compromis-productes-naturals\/\",\"url\":\"https:\/\/www.moodnatural.com\/ca\/cosmetica-sostenible\/compromis-productes-naturals\/\",\"name\":\"Productes de Cosm\u00e8tica Natural \u2013El nostre comprom\u00eds - Mood Natural\",\"isPartOf\":{\"@id\":\"https:\/\/www.moodnatural.com\/ca\/#website\"},\"datePublished\":\"2017-05-18T09:40:39+00:00\",\"dateModified\":\"2020-02-04T15:19:18+00:00\",\"description\":\"Treballem amb productes cosm\u00e8tics Naturals i el nostre comprom\u00eds es fer-ho mantenint al m\u00e0xim la garantia de de qualitat i seguretat del producte\",\"breadcrumb\":{\"@id\":\"https:\/\/www.moodnatural.com\/ca\/cosmetica-sostenible\/compromis-productes-naturals\/#breadcrumb\"},\"inLanguage\":\"ca\",\"potentialAction\":[{\"@type\":\"ReadAction\",\"target\":[\"https:\/\/www.moodnatural.com\/ca\/cosmetica-sostenible\/compromis-productes-naturals\/\"]}]},{\"@type\":\"BreadcrumbList\",\"@id\":\"https:\/\/www.moodnatural.com\/ca\/cosmetica-sostenible\/compromis-productes-naturals\/#breadcrumb\",\"itemListElement\":[{\"@type\":\"ListItem\",\"position\":1,\"name\":\"Portada\",\"item\":\"https:\/\/www.moodnatural.com\/ca\/\"},{\"@type\":\"ListItem\",\"position\":2,\"name\":\"Els nostres pilars\",\"item\":\"https:\/\/www.moodnatural.com\/ca\/cosmetica-sostenible\/\"},{\"@type\":\"ListItem\",\"position\":3,\"name\":\"El nostre comprom\u00eds\"}]},{\"@type\":\"WebSite\",\"@id\":\"https:\/\/www.moodnatural.com\/ca\/#website\",\"url\":\"https:\/\/www.moodnatural.com\/ca\/\",\"name\":\"Mood Natural\",\"description\":\"Cosm\u00e9tica natural Barcelona\",\"publisher\":{\"@id\":\"https:\/\/www.moodnatural.com\/ca\/#organization\"},\"potentialAction\":[{\"@type\":\"SearchAction\",\"target\":{\"@type\":\"EntryPoint\",\"urlTemplate\":\"https:\/\/www.moodnatural.com\/ca\/?s={search_term_string}\"},\"query-input\":{\"@type\":\"PropertyValueSpecification\",\"valueRequired\":true,\"valueName\":\"search_term_string\"}}],\"inLanguage\":\"ca\"},{\"@type\":\"Organization\",\"@id\":\"https:\/\/www.moodnatural.com\/ca\/#organization\",\"name\":\"Mood Natural Barcelona\",\"url\":\"https:\/\/www.moodnatural.com\/ca\/\",\"logo\":{\"@type\":\"ImageObject\",\"inLanguage\":\"ca\",\"@id\":\"https:\/\/www.moodnatural.com\/ca\/#\/schema\/logo\/image\/\",\"url\":\"https:\/\/www.moodnatural.com\/wp-content\/uploads\/2017\/09\/logo-moodbarcelona-55.png\",\"contentUrl\":\"https:\/\/www.moodnatural.com\/wp-content\/uploads\/2017\/09\/logo-moodbarcelona-55.png\",\"width\":330,\"height\":55,\"caption\":\"Mood Natural Barcelona\"},\"image\":{\"@id\":\"https:\/\/www.moodnatural.com\/ca\/#\/schema\/logo\/image\/\"}}]}<\/script>\n<!-- \/ Yoast SEO plugin. -->","yoast_head_json":{"title":"Productes de Cosm\u00e8tica Natural \u2013El nostre comprom\u00eds - Mood Natural","description":"Treballem amb productes cosm\u00e8tics Naturals i el nostre comprom\u00eds es fer-ho mantenint al m\u00e0xim la garantia de de qualitat i seguretat del producte","robots":{"index":"index","follow":"follow","max-snippet":"max-snippet:-1","max-image-preview":"max-image-preview:large","max-video-preview":"max-video-preview:-1"},"canonical":"https:\/\/www.moodnatural.com\/ca\/cosmetica-sostenible\/compromis-productes-naturals\/","og_locale":"ca_ES","og_type":"article","og_title":"Productes de Cosm\u00e8tica Natural \u2013El nostre comprom\u00eds - Mood Natural","og_description":"Treballem amb productes cosm\u00e8tics Naturals i el nostre comprom\u00eds es fer-ho mantenint al m\u00e0xim la garantia de de qualitat i seguretat del producte","og_url":"https:\/\/www.moodnatural.com\/ca\/cosmetica-sostenible\/compromis-productes-naturals\/","og_site_name":"Mood Natural","article_modified_time":"2020-02-04T15:19:18+00:00","twitter_card":"summary_large_image","twitter_misc":{"Temps estimat de lectura":"2 minuts"},"schema":{"@context":"https:\/\/schema.org","@graph":[{"@type":"WebPage","@id":"https:\/\/www.moodnatural.com\/ca\/cosmetica-sostenible\/compromis-productes-naturals\/","url":"https:\/\/www.moodnatural.com\/ca\/cosmetica-sostenible\/compromis-productes-naturals\/","name":"Productes de Cosm\u00e8tica Natural \u2013El nostre comprom\u00eds - Mood Natural","isPartOf":{"@id":"https:\/\/www.moodnatural.com\/ca\/#website"},"datePublished":"2017-05-18T09:40:39+00:00","dateModified":"2020-02-04T15:19:18+00:00","description":"Treballem amb productes cosm\u00e8tics Naturals i el nostre comprom\u00eds es fer-ho mantenint al m\u00e0xim la garantia de de qualitat i seguretat del producte","breadcrumb":{"@id":"https:\/\/www.moodnatural.com\/ca\/cosmetica-sostenible\/compromis-productes-naturals\/#breadcrumb"},"inLanguage":"ca","potentialAction":[{"@type":"ReadAction","target":["https:\/\/www.moodnatural.com\/ca\/cosmetica-sostenible\/compromis-productes-naturals\/"]}]},{"@type":"BreadcrumbList","@id":"https:\/\/www.moodnatural.com\/ca\/cosmetica-sostenible\/compromis-productes-naturals\/#breadcrumb","itemListElement":[{"@type":"ListItem","position":1,"name":"Portada","item":"https:\/\/www.moodnatural.com\/ca\/"},{"@type":"ListItem","position":2,"name":"Els nostres pilars","item":"https:\/\/www.moodnatural.com\/ca\/cosmetica-sostenible\/"},{"@type":"ListItem","position":3,"name":"El nostre comprom\u00eds"}]},{"@type":"WebSite","@id":"https:\/\/www.moodnatural.com\/ca\/#website","url":"https:\/\/www.moodnatural.com\/ca\/","name":"Mood Natural","description":"Cosm\u00e9tica natural Barcelona","publisher":{"@id":"https:\/\/www.moodnatural.com\/ca\/#organization"},"potentialAction":[{"@type":"SearchAction","target":{"@type":"EntryPoint","urlTemplate":"https:\/\/www.moodnatural.com\/ca\/?s={search_term_string}"},"query-input":{"@type":"PropertyValueSpecification","valueRequired":true,"valueName":"search_term_string"}}],"inLanguage":"ca"},{"@type":"Organization","@id":"https:\/\/www.moodnatural.com\/ca\/#organization","name":"Mood Natural Barcelona","url":"https:\/\/www.moodnatural.com\/ca\/","logo":{"@type":"ImageObject","inLanguage":"ca","@id":"https:\/\/www.moodnatural.com\/ca\/#\/schema\/logo\/image\/","url":"https:\/\/www.moodnatural.com\/wp-content\/uploads\/2017\/09\/logo-moodbarcelona-55.png","contentUrl":"https:\/\/www.moodnatural.com\/wp-content\/uploads\/2017\/09\/logo-moodbarcelona-55.png","width":330,"height":55,"caption":"Mood Natural Barcelona"},"image":{"@id":"https:\/\/www.moodnatural.com\/ca\/#\/schema\/logo\/image\/"}}]}},"_links":{"self":[{"href":"https:\/\/www.moodnatural.com\/ca\/wp-json\/wp\/v2\/pages\/183","targetHints":{"allow":["GET"]}}],"collection":[{"href":"https:\/\/www.moodnatural.com\/ca\/wp-json\/wp\/v2\/pages"}],"about":[{"href":"https:\/\/www.moodnatural.com\/ca\/wp-json\/wp\/v2\/types\/page"}],"author":[{"embeddable":true,"href":"https:\/\/www.moodnatural.com\/ca\/wp-json\/wp\/v2\/users\/1"}],"replies":[{"embeddable":true,"href":"https:\/\/www.moodnatural.com\/ca\/wp-json\/wp\/v2\/comments?post=183"}],"version-history":[{"count":0,"href":"https:\/\/www.moodnatural.com\/ca\/wp-json\/wp\/v2\/pages\/183\/revisions"}],"up":[{"embeddable":true,"href":"https:\/\/www.moodnatural.com\/ca\/wp-json\/wp\/v2\/pages\/158"}],"wp:attachment":[{"href":"https:\/\/www.moodnatural.com\/ca\/wp-json\/wp\/v2\/media?parent=183"}],"curies":[{"name":"wp","href":"https:\/\/api.w.org\/{rel}","templated":true}]}}